{"id":2598,"date":"2023-04-14T10:42:33","date_gmt":"2023-04-14T08:42:33","guid":{"rendered":"http:\/\/desmet-dardenne.addf-demo.be\/?page_id=2598"},"modified":"2025-01-27T11:20:38","modified_gmt":"2025-01-27T10:20:38","slug":"avis-de-deces","status":"publish","type":"page","link":"https:\/\/desmet-dardenne.be\/index.php\/avis-de-deces\/","title":{"rendered":"Avis de d\u00e9c\u00e8s"},"content":{"rendered":"<div data-colibri-id=\"1161-c1\" class=\"style-1279 style-local-1161-c1 position-relative\">\r\n  <!---->\r\n  <div data-colibri-component=\"section\" data-colibri-id=\"1161-c2\" id=\"services\" class=\"h-section h-section-global-spacing d-flex align-items-lg-center align-items-md-center align-items-center style-1280 style-local-1161-c2 position-relative\">\r\n    <div class=\"background-wrapper\">\r\n      <div class=\"background-layer background-layer-media-container-lg\">\r\n        <!---->\r\n        <div class=\"overlay-layer\">\r\n          <div class=\"overlay-image-layer\" style=\"background-color: rgb(255, 255, 255); opacity: 0.76;\"><\/div>\r\n        <\/div>\r\n      <\/div>\r\n      <div class=\"background-layer background-layer-media-container-md\">\r\n        <!---->\r\n        <div class=\"overlay-layer\">\r\n          <div class=\"overlay-image-layer\" style=\"background-color: rgb(255, 255, 255); opacity: 0.76;\"><\/div>\r\n        <\/div>\r\n      <\/div>\r\n      <div class=\"background-layer background-layer-media-container\">\r\n        <!---->\r\n        <div class=\"overlay-layer\">\r\n          <div class=\"overlay-image-layer\" style=\"background-color: rgb(255, 255, 255); opacity: 0.76;\"><\/div>\r\n        <\/div>\r\n      <\/div>\r\n    <\/div>\r\n    <!---->\r\n    <div class=\"h-section-grid-container h-section-boxed-container\">\r\n      <!---->\r\n      <div data-colibri-id=\"1161-c3\" class=\"h-row-container gutters-row-lg-2 gutters-row-md-2 gutters-row-0 gutters-row-v-lg-2 gutters-row-v-md-2 gutters-row-v-2 style-1693 style-local-1161-c3 position-relative\">\r\n        <!---->\r\n        <div class=\"h-row justify-content-lg-center justify-content-md-center justify-content-center align-items-lg-stretch align-items-md-stretch align-items-stretch gutters-col-lg-2 gutters-col-md-2 gutters-col-0 gutters-col-v-lg-2 gutters-col-v-md-2 gutters-col-v-2\">\r\n          <!---->\r\n          <div class=\"h-column h-column-container d-flex h-col-lg-auto h-col-md-auto h-col-auto style-1694-outer style-local-1161-c4-outer\">\r\n            <div data-colibri-id=\"1161-c4\" class=\"d-flex h-flex-basis h-column__inner h-px-lg-2 h-px-md-2 h-px-2 v-inner-lg-2 v-inner-md-2 v-inner-2 style-1694 style-local-1161-c4 position-relative\">\r\n              <!---->\r\n              <!---->\r\n              <div class=\"w-100 h-y-container h-column__content h-column__v-align flex-basis-100 align-self-lg-start align-self-md-start align-self-start\">\r\n                <!---->\r\n                <div data-colibri-id=\"1161-c5\" class=\"h-global-transition-all h-heading style-1695 style-local-1161-c5 position-relative h-element\">\r\n                  <!---->\r\n                  <div class=\"h-heading__outer style-1695 style-local-1161-c5\">\r\n                    <!---->\r\n                    <!---->\r\n                    <h3 class=\"\">Ils nous ont quitt\u00e9s<\/h3>\r\n                  <\/div>\r\n                <\/div>\r\n                <div data-colibri-id=\"1161-c6\" class=\"h-text h-text-component style-1704 style-local-1161-c6 position-relative h-element\">\r\n                  <!---->\r\n                  <!---->\r\n                  <div class=\"\">\r\n                    <p>Vous pouvez t\u00e9moigner votre soutien aupr\u00e8s de la famille ainsi que de leurs proches.<\/p>\r\n                    <p>Pour obtenir les informations sur l\u2019organisation des fun\u00e9railles ou d\u00e9poser votre t\u00e9moignage, veuillez cliquer sur le bouton &lsquo;Infos et condol\u00e9ances&rsquo;.<\/p>\r\n                    <p>Votre t\u00e9moignage sera transmis \u00e0 la famille en toute discr\u00e9tion.<\/p>\r\n                  <\/div>\r\n                <\/div>\r\n              <\/div>\r\n            <\/div>\r\n          <\/div>\r\n        <\/div>\r\n      <\/div>\r\n      <div data-colibri-id=\"1161-c7\" class=\"h-row-container gutters-row-lg-2 gutters-row-md-2 gutters-row-2 gutters-row-v-lg-2 gutters-row-v-md-2 gutters-row-v-2 style-1281 style-local-1161-c7 position-relative\">\r\n        <!---->\r\n        <div class=\"h-row justify-content-lg-center justify-content-md-center justify-content-center align-items-lg-stretch align-items-md-stretch align-items-stretch gutters-col-lg-2 gutters-col-md-2 gutters-col-2 gutters-col-v-lg-2 gutters-col-v-md-2 gutters-col-v-2\">\r\n          <!---->\r\n          <div class=\"h-column h-column-container d-flex h-col-lg-4 h-col-md-4 h-col-12 style-1282-outer style-local-1161-c8-outer\">\r\n            <div data-colibri-id=\"1161-c8\" class=\"d-flex h-flex-basis h-column__inner h-px-lg-2 h-px-md-2 h-px-2 v-inner-lg-2 v-inner-md-2 v-inner-2 style-1282 style-local-1161-c8 position-relative\">\r\n              <!---->\r\n              <!---->\r\n              <div class=\"w-100 h-y-container h-column__content h-column__v-align flex-basis-100 align-self-lg-start align-self-md-start align-self-start\">\r\n                <!---->\r\n                <div data-colibri-id=\"1161-c9\" class=\"d-block style-1285 style-local-1161-c9 position-relative h-element\">\r\n                  <!---->\r\n                  <div class=\"h-image__frame-container-outer\">\r\n                    <div class=\"h-image__frame-container\">\r\n                      <!---->\r\n                      <!---->\r\n                      <img decoding=\"async\" width=\"667\" height=\"667\" data-src=\"http:\/\/desmet-dardenne.addf-demo.be\/wp-content\/uploads\/2022\/04\/cropped-Depositphotos_144297547_S.jpg\" class=\"wp-image-1735 style-1285-image style-local-1161-c9-image lazyload\" alt=\"\" data-srcset=\"https:\/\/desmet-dardenne.be\/wp-content\/uploads\/2022\/04\/cropped-Depositphotos_144297547_S.jpg 667w, https:\/\/desmet-dardenne.be\/wp-content\/uploads\/2022\/04\/cropped-Depositphotos_144297547_S-300x300.jpg 300w, https:\/\/desmet-dardenne.be\/wp-content\/uploads\/2022\/04\/cropped-Depositphotos_144297547_S-150x150.jpg 150w\" data-sizes=\"(max-width: 667px) 100vw, 667px\" src=\"data:image\/svg+xml;base64,PHN2ZyB3aWR0aD0iMSIgaGVpZ2h0PSIxIiB4bWxucz0iaHR0cDovL3d3dy53My5vcmcvMjAwMC9zdmciPjwvc3ZnPg==\" style=\"--smush-placeholder-width: 667px; --smush-placeholder-aspect-ratio: 667\/667;\" \/>\r\n                      <div class=\"h-image__frame h-hide-lg h-hide-md h-hide-sm style-1285-frameImage style-local-1161-c9-frameImage\"><\/div>\r\n                    <\/div>\r\n                  <\/div>\r\n                <\/div>\r\n                <div data-colibri-id=\"1161-c10\" class=\"h-global-transition-all h-heading style-1353 style-local-1161-c10 position-relative h-element\">\r\n                  <!---->\r\n                  <div class=\"h-heading__outer style-1353 style-local-1161-c10\">\r\n                    <!---->\r\n                    <!---->\r\n                    <h4 class=\"\">Joseph Dupont<\/h4>\r\n                  <\/div>\r\n                <\/div>\r\n                <div data-colibri-id=\"1161-c11\" class=\"h-text h-text-component style-1286 style-local-1161-c11 position-relative h-element\">\r\n                  <!---->\r\n                  <!---->\r\n                  <div class=\"\">\r\n                    <p>N\u00e9 \u00e0 Louvain le 25 mai 1951\r\n                      <br>et d\u00e9c\u00e9d\u00e9 \u00e0 Chimay le 12 avril 2022&nbsp;<\/p>\r\n                  <\/div>\r\n                <\/div>\r\n                <div data-colibri-id=\"1161-c12\" class=\"h-x-container style-1287 style-local-1161-c12 position-relative h-element\">\r\n                  <!---->\r\n                  <div class=\"h-x-container-inner style-dynamic-1161-c12-group style-1287-spacing style-local-1161-c12-spacing\"><span class=\"h-button__outer style-1288-outer style-local-1161-c13-outer d-inline-flex h-element\"><a h-use-smooth-scroll=\"true\" href=\"\"  data-colibri-id=\"1161-c13\" class=\"d-flex w-100 align-items-center h-button justify-content-lg-center justify-content-md-center justify-content-center style-1288 style-local-1161-c13 position-relative\"><!----><!----> <span>infos et condol\u00e9ances<\/span><\/a>\r\n                    <\/span>\r\n                  <\/div>\r\n                <\/div>\r\n              <\/div>\r\n            <\/div>\r\n          <\/div>\r\n          <div class=\"h-column h-column-container d-flex h-col-lg-4 h-col-md-4 h-col-12 style-1282-outer style-local-1161-c14-outer\">\r\n            <div data-colibri-id=\"1161-c14\" class=\"d-flex h-flex-basis h-column__inner h-px-lg-2 h-px-md-2 h-px-2 v-inner-lg-2 v-inner-md-2 v-inner-2 style-1282 style-local-1161-c14 position-relative\">\r\n              <!---->\r\n              <!---->\r\n              <div class=\"w-100 h-y-container h-column__content h-column__v-align flex-basis-100 align-self-lg-start align-self-md-start align-self-start\">\r\n                <!---->\r\n                <div data-colibri-id=\"1161-c15\" class=\"d-block style-1285 style-local-1161-c15 position-relative h-element\">\r\n                  <!---->\r\n                  <div class=\"h-image__frame-container-outer\">\r\n                    <div class=\"h-image__frame-container\">\r\n                      <!---->\r\n                      <!---->\r\n                      <img decoding=\"async\" width=\"776\" height=\"776\" data-src=\"http:\/\/desmet-dardenne.addf-demo.be\/wp-content\/uploads\/2022\/04\/cropped-Depositphotos_35650171_S.jpg\" class=\"wp-image-1737 style-1285-image style-local-1161-c15-image lazyload\" alt=\"\" data-srcset=\"https:\/\/desmet-dardenne.be\/wp-content\/uploads\/2022\/04\/cropped-Depositphotos_35650171_S.jpg 776w, https:\/\/desmet-dardenne.be\/wp-content\/uploads\/2022\/04\/cropped-Depositphotos_35650171_S-300x300.jpg 300w, https:\/\/desmet-dardenne.be\/wp-content\/uploads\/2022\/04\/cropped-Depositphotos_35650171_S-150x150.jpg 150w, https:\/\/desmet-dardenne.be\/wp-content\/uploads\/2022\/04\/cropped-Depositphotos_35650171_S-768x768.jpg 768w\" data-sizes=\"(max-width: 776px) 100vw, 776px\" src=\"data:image\/svg+xml;base64,PHN2ZyB3aWR0aD0iMSIgaGVpZ2h0PSIxIiB4bWxucz0iaHR0cDovL3d3dy53My5vcmcvMjAwMC9zdmciPjwvc3ZnPg==\" style=\"--smush-placeholder-width: 776px; --smush-placeholder-aspect-ratio: 776\/776;\" \/>\r\n                      <div class=\"h-image__frame h-hide-lg h-hide-md h-hide-sm style-1285-frameImage style-local-1161-c15-frameImage\"><\/div>\r\n                    <\/div>\r\n                  <\/div>\r\n                <\/div>\r\n                <div data-colibri-id=\"1161-c16\" class=\"h-global-transition-all h-heading style-1353 style-local-1161-c16 position-relative h-element\">\r\n                  <!---->\r\n                  <div class=\"h-heading__outer style-1353 style-local-1161-c16\">\r\n                    <!---->\r\n                    <!---->\r\n                    <h4 class=\"\">Dylan Scuflaire<\/h4>\r\n                  <\/div>\r\n                <\/div>\r\n                <div data-colibri-id=\"1161-c17\" class=\"h-text h-text-component style-1286 style-local-1161-c17 position-relative h-element\">\r\n                  <!---->\r\n                  <!---->\r\n                  <div class=\"\">\r\n                    <p>N\u00e9 \u00e0 Charleroi le 2 juin 1949&nbsp;\r\n                      <br>et d\u00e9c\u00e9d\u00e9 \u00e0 Chimay le 10 avril 2022&nbsp;<\/p>\r\n                  <\/div>\r\n                <\/div>\r\n                <div data-colibri-id=\"1161-c18\" class=\"h-x-container style-1287 style-local-1161-c18 position-relative h-element\">\r\n                  <!---->\r\n                  <div class=\"h-x-container-inner style-dynamic-1161-c18-group style-1287-spacing style-local-1161-c18-spacing\"><span class=\"h-button__outer style-1288-outer style-local-1161-c19-outer d-inline-flex h-element\"><a h-use-smooth-scroll=\"true\" href=\"\"  data-colibri-id=\"1161-c19\" class=\"d-flex w-100 align-items-center h-button justify-content-lg-center justify-content-md-center justify-content-center style-1288 style-local-1161-c19 position-relative\"><!----><!----> <span>infos et condol\u00e9ances<\/span><\/a>\r\n                    <\/span>\r\n                  <\/div>\r\n                <\/div>\r\n              <\/div>\r\n            <\/div>\r\n          <\/div>\r\n          <div class=\"h-column h-column-container d-flex h-col-lg-4 h-col-md-4 h-col-12 style-1282-outer style-local-1161-c20-outer\">\r\n            <div data-colibri-id=\"1161-c20\" class=\"d-flex h-flex-basis h-column__inner h-px-lg-2 h-px-md-2 h-px-2 v-inner-lg-2 v-inner-md-2 v-inner-2 style-1282 style-local-1161-c20 position-relative\">\r\n              <!---->\r\n              <!---->\r\n              <div class=\"w-100 h-y-container h-column__content h-column__v-align flex-basis-100 align-self-lg-start align-self-md-start align-self-start\">\r\n                <!---->\r\n                <div data-colibri-id=\"1161-c21\" class=\"d-block style-1285 style-local-1161-c21 position-relative h-element\">\r\n                  <!---->\r\n                  <div class=\"h-image__frame-container-outer\">\r\n                    <div class=\"h-image__frame-container\">\r\n                      <!---->\r\n                      <!---->\r\n                      <img decoding=\"async\" width=\"667\" height=\"667\" data-src=\"http:\/\/desmet-dardenne.addf-demo.be\/wp-content\/uploads\/2022\/04\/cropped-Depositphotos_144296985_S.jpg\" class=\"wp-image-1738 style-1285-image style-local-1161-c21-image lazyload\" alt=\"\" data-srcset=\"https:\/\/desmet-dardenne.be\/wp-content\/uploads\/2022\/04\/cropped-Depositphotos_144296985_S.jpg 667w, https:\/\/desmet-dardenne.be\/wp-content\/uploads\/2022\/04\/cropped-Depositphotos_144296985_S-300x300.jpg 300w, https:\/\/desmet-dardenne.be\/wp-content\/uploads\/2022\/04\/cropped-Depositphotos_144296985_S-150x150.jpg 150w\" data-sizes=\"(max-width: 667px) 100vw, 667px\" src=\"data:image\/svg+xml;base64,PHN2ZyB3aWR0aD0iMSIgaGVpZ2h0PSIxIiB4bWxucz0iaHR0cDovL3d3dy53My5vcmcvMjAwMC9zdmciPjwvc3ZnPg==\" style=\"--smush-placeholder-width: 667px; --smush-placeholder-aspect-ratio: 667\/667;\" \/>\r\n                      <div class=\"h-image__frame h-hide-lg h-hide-md h-hide-sm style-1285-frameImage style-local-1161-c21-frameImage\"><\/div>\r\n                    <\/div>\r\n                  <\/div>\r\n                <\/div>\r\n                <div data-colibri-id=\"1161-c22\" class=\"h-global-transition-all h-heading style-1353 style-local-1161-c22 position-relative h-element\">\r\n                  <!---->\r\n                  <div class=\"h-heading__outer style-1353 style-local-1161-c22\">\r\n                    <!---->\r\n                    <!---->\r\n                    <h4 class=\"\">Brenda Limal<\/h4>\r\n                  <\/div>\r\n                <\/div>\r\n                <div data-colibri-id=\"1161-c23\" class=\"h-text h-text-component style-1286 style-local-1161-c23 position-relative h-element\">\r\n                  <!---->\r\n                  <!---->\r\n                  <div class=\"\">\r\n                    <p>N\u00e9e \u00e0 Arlon le 4 d\u00e9cembre 1952&nbsp;\r\n                      <br>et d\u00e9c\u00e9d\u00e9 \u00e0 Chimay le 25 avril 2022&nbsp;<\/p>\r\n                  <\/div>\r\n                <\/div>\r\n                <div data-colibri-id=\"1161-c24\" class=\"h-x-container style-1287 style-local-1161-c24 position-relative h-element\">\r\n                  <!---->\r\n                  <div class=\"h-x-container-inner style-dynamic-1161-c24-group style-1287-spacing style-local-1161-c24-spacing\"><span class=\"h-button__outer style-1288-outer style-local-1161-c25-outer d-inline-flex h-element\"><a h-use-smooth-scroll=\"true\" href=\"\"  data-colibri-id=\"1161-c25\" class=\"d-flex w-100 align-items-center h-button justify-content-lg-center justify-content-md-center justify-content-center style-1288 style-local-1161-c25 position-relative\"><!----><!----> <span>infos et condol\u00e9ances<\/span><\/a>\r\n                    <\/span>\r\n                  <\/div>\r\n                <\/div>\r\n              <\/div>\r\n            <\/div>\r\n          <\/div>\r\n        <\/div>\r\n      <\/div>\r\n    <\/div>\r\n  <\/div>\r\n<\/div>","protected":false},"excerpt":{"rendered":"<p>Ils nous ont quitt\u00e9s Vous pouvez t\u00e9moigner votre soutien aupr\u00e8s de la famille ainsi que de leurs proches. Pour obtenir les informations sur l\u2019organisation des fun\u00e9railles ou d\u00e9poser votre t\u00e9moignage, veuillez cliquer sur le bouton &lsquo;Infos et condol\u00e9ances&rsquo;. Votre t\u00e9moignage sera transmis \u00e0 la famille en toute discr\u00e9tion. Joseph Dupont N\u00e9 \u00e0 Louvain le 25 [&hellip;]<\/p>\n","protected":false},"author":3,"featured_media":0,"parent":0,"menu_order":0,"comment_status":"closed","ping_status":"closed","template":"page-templates\/liste-defunt.php","meta":{"footnotes":""},"class_list":["post-2598","page","type-page","status-publish","hentry"],"aioseo_notices":[],"_links":{"self":[{"href":"https:\/\/desmet-dardenne.be\/index.php\/wp-json\/wp\/v2\/pages\/2598","targetHints":{"allow":["GET"]}}],"collection":[{"href":"https:\/\/desmet-dardenne.be\/index.php\/wp-json\/wp\/v2\/pages"}],"about":[{"href":"https:\/\/desmet-dardenne.be\/index.php\/wp-json\/wp\/v2\/types\/page"}],"author":[{"embeddable":true,"href":"https:\/\/desmet-dardenne.be\/index.php\/wp-json\/wp\/v2\/users\/3"}],"replies":[{"embeddable":true,"href":"https:\/\/desmet-dardenne.be\/index.php\/wp-json\/wp\/v2\/comments?post=2598"}],"version-history":[{"count":2,"href":"https:\/\/desmet-dardenne.be\/index.php\/wp-json\/wp\/v2\/pages\/2598\/revisions"}],"predecessor-version":[{"id":3509,"href":"https:\/\/desmet-dardenne.be\/index.php\/wp-json\/wp\/v2\/pages\/2598\/revisions\/3509"}],"wp:attachment":[{"href":"https:\/\/desmet-dardenne.be\/index.php\/wp-json\/wp\/v2\/media?parent=2598"}],"curies":[{"name":"wp","href":"https:\/\/api.w.org\/{rel}","templated":true}]}}